{"id":22,"date":"2023-08-26T15:14:06","date_gmt":"2023-08-26T13:14:06","guid":{"rendered":"https:\/\/hdiagnostics.fr\/?page_id=22"},"modified":"2023-10-11T15:29:28","modified_gmt":"2023-10-11T13:29:28","slug":"elec","status":"publish","type":"page","link":"https:\/\/hdiagnostics.fr\/index.php\/elec\/","title":{"rendered":"\u00e9lectricit\u00e9"},"content":{"rendered":"\n<figure class=\"wp-block-image size-full\"><img loading=\"lazy\" decoding=\"async\" width=\"275\" height=\"183\" src=\"https:\/\/hdiagnostics.fr\/wp-content\/uploads\/2023\/10\/elec.jpeg\" alt=\"\" class=\"wp-image-109\"\/><\/figure>\n\n\n\n<p><\/p>\n\n\n\n<p class=\"has-black-color has-text-color has-medium-font-size\">Pour faire baisser la quantit\u00e9 d&#8217;accidents domestiques dus \u00e0 des installations \u00e9lectriques d\u00e9fectueuses a \u00e9t\u00e9 instaur\u00e9 depuis janvier 2009 le <strong>diagnostic de s\u00e9curit\u00e9 \u00e9lectrique<\/strong> obligatoire.<\/p>\n\n\n\n<p class=\"has-black-color has-text-color has-medium-font-size\">Il doit \u00eatre annex\u00e9 au dossier technique fourni lors de la promesse de vente d&#8217;un logement (au pire il devra \u00eatre pr\u00e9sent\u00e9 au moment de la signature de l&#8217;acte authentique de vente) si l&#8217;installation \u00e9lectrique de celui-ci a plus de 15 ans.<\/p>\n\n\n\n<p class=\"has-black-color has-text-color has-medium-font-size\">Un professionnel certifi\u00e9 par un organisme accr\u00e9dit\u00e9 va v\u00e9rifier toute l&#8217;<strong>installation \u00e9lectrique<\/strong> des parties privatives \u00e0 usage d&#8217;habitation et leurs d\u00e9pendances (les parties communes ne sont pas concern\u00e9es par cette \u00e9valuation).<\/p>\n\n\n\n<p class=\"has-black-color has-text-color has-medium-font-size\">Une fois cet \u00e9tat \u00e9tabli, il est valable pendant 3 ans.<\/p>\n\n\n\n<p class=\"has-black-color has-text-color has-medium-font-size\">Cependant le propri\u00e9taire peut \u00eatre exempt\u00e9 de cette obligation s&#8217;il fournit en lieu et place un certificat de conformit\u00e9 aux r\u00e8gles techniques et de s\u00e9curit\u00e9 de moins de 3 ans.<\/p>\n\n\n\n<p class=\"has-black-color has-text-color has-medium-font-size\">En l&#8217;absence de l&#8217;un de ces documents, le vendeur ne pourra pas s&#8217;exon\u00e9rer de la garantie des vices cach\u00e9s.<\/p>\n","protected":false},"excerpt":{"rendered":"<p>Pour faire baisser la quantit\u00e9 d&#8217;accidents domestiques dus \u00e0 des installations \u00e9lectriques d\u00e9fectueuses a \u00e9t\u00e9 instaur\u00e9 depuis janvier 2009 le diagnostic de s\u00e9curit\u00e9 \u00e9lectrique obligatoire. Il doit \u00eatre annex\u00e9 au &#8230;<\/p>\n","protected":false},"author":1,"featured_media":0,"parent":0,"menu_order":0,"comment_status":"closed","ping_status":"closed","template":"","meta":{"footnotes":""},"class_list":["post-22","page","type-page","status-publish","hentry"],"_links":{"self":[{"href":"https:\/\/hdiagnostics.fr\/index.php\/wp-json\/wp\/v2\/pages\/22","targetHints":{"allow":["GET"]}}],"collection":[{"href":"https:\/\/hdiagnostics.fr\/index.php\/wp-json\/wp\/v2\/pages"}],"about":[{"href":"https:\/\/hdiagnostics.fr\/index.php\/wp-json\/wp\/v2\/types\/page"}],"author":[{"embeddable":true,"href":"https:\/\/hdiagnostics.fr\/index.php\/wp-json\/wp\/v2\/users\/1"}],"replies":[{"embeddable":true,"href":"https:\/\/hdiagnostics.fr\/index.php\/wp-json\/wp\/v2\/comments?post=22"}],"version-history":[{"count":2,"href":"https:\/\/hdiagnostics.fr\/index.php\/wp-json\/wp\/v2\/pages\/22\/revisions"}],"predecessor-version":[{"id":110,"href":"https:\/\/hdiagnostics.fr\/index.php\/wp-json\/wp\/v2\/pages\/22\/revisions\/110"}],"wp:attachment":[{"href":"https:\/\/hdiagnostics.fr\/index.php\/wp-json\/wp\/v2\/media?parent=22"}],"curies":[{"name":"wp","href":"https:\/\/api.w.org\/{rel}","templated":true}]}}