{"id":26,"date":"2023-08-26T15:11:37","date_gmt":"2023-08-26T13:11:37","guid":{"rendered":"https:\/\/hdiagnostics.fr\/?page_id=26"},"modified":"2023-11-17T10:09:43","modified_gmt":"2023-11-17T09:09:43","slug":"amiante","status":"publish","type":"page","link":"https:\/\/hdiagnostics.fr\/index.php\/amiante\/","title":{"rendered":"amiante"},"content":{"rendered":"\n<figure class=\"wp-block-image size-full is-resized\"><img loading=\"lazy\" decoding=\"async\" width=\"299\" height=\"168\" src=\"https:\/\/hdiagnostics.fr\/wp-content\/uploads\/2023\/10\/amiante.jpeg\" alt=\"\" class=\"wp-image-99\" style=\"width:251px;height:141px\"\/><\/figure>\n\n\n\n<p><\/p>\n\n\n\n<p class=\"has-black-color has-text-color has-medium-font-size\">Les risques li\u00e9s \u00e0 l&#8217;amiante ont entra\u00een\u00e9 l&#8217;obligation de diagnostics amiante pour les propri\u00e9taires de biens dont le permis de construire est ant\u00e9rieur au 1er juillet 1997.<\/p>\n\n\n\n<p class=\"has-black-color has-text-color has-medium-font-size\">Les recherches d&#8217;amiante doivent \u00eatre effectu\u00e9es par un professionnel certifi\u00e9 et sont obligatoires dans certains cas : Une promesse ou un acte de vente doit \u00eatre accompagn\u00e9 d&#8217;un diagnostic.<\/p>\n\n\n\n<p class=\"has-black-color has-text-color has-medium-font-size\">L&#8217;\u00e9valuation va consister \u00e0 d\u00e9terminer l&#8217;absence ou la pr\u00e9sence d&#8217;amiante dans les mat\u00e9riaux de construction.<\/p>\n\n\n\n<p class=\"has-black-color has-text-color has-medium-font-size\">Tous les b\u00e2timents sont concern\u00e9s, immeubles ou maisons individuelles, locaux commerciaux, garages etc.<\/p>\n\n\n\n<p class=\"has-black-color has-text-color has-medium-font-size\">La validit\u00e9 de l&#8217;\u00e9tat en cas d&#8217;absence d&#8217;amiante est illimit\u00e9e.<\/p>\n\n\n\n<p class=\"has-black-color has-text-color has-medium-font-size\">Les propri\u00e9taires d&#8217;immeubles se doivent de faire r\u00e9aliser des diagnostics de routine au niveau des parties privatives (Dossier Amiante Parties Privatives) et communes (Dossier Technique Amiante) de leur bien.<\/p>\n","protected":false},"excerpt":{"rendered":"<p>Les risques li\u00e9s \u00e0 l&#8217;amiante ont entra\u00een\u00e9 l&#8217;obligation de diagnostics amiante pour les propri\u00e9taires de biens dont le permis de construire est ant\u00e9rieur au 1er juillet 1997. Les recherches d&#8217;amiante &#8230;<\/p>\n","protected":false},"author":1,"featured_media":0,"parent":0,"menu_order":0,"comment_status":"closed","ping_status":"closed","template":"","meta":{"footnotes":""},"class_list":["post-26","page","type-page","status-publish","hentry"],"_links":{"self":[{"href":"https:\/\/hdiagnostics.fr\/index.php\/wp-json\/wp\/v2\/pages\/26","targetHints":{"allow":["GET"]}}],"collection":[{"href":"https:\/\/hdiagnostics.fr\/index.php\/wp-json\/wp\/v2\/pages"}],"about":[{"href":"https:\/\/hdiagnostics.fr\/index.php\/wp-json\/wp\/v2\/types\/page"}],"author":[{"embeddable":true,"href":"https:\/\/hdiagnostics.fr\/index.php\/wp-json\/wp\/v2\/users\/1"}],"replies":[{"embeddable":true,"href":"https:\/\/hdiagnostics.fr\/index.php\/wp-json\/wp\/v2\/comments?post=26"}],"version-history":[{"count":4,"href":"https:\/\/hdiagnostics.fr\/index.php\/wp-json\/wp\/v2\/pages\/26\/revisions"}],"predecessor-version":[{"id":179,"href":"https:\/\/hdiagnostics.fr\/index.php\/wp-json\/wp\/v2\/pages\/26\/revisions\/179"}],"wp:attachment":[{"href":"https:\/\/hdiagnostics.fr\/index.php\/wp-json\/wp\/v2\/media?parent=26"}],"curies":[{"name":"wp","href":"https:\/\/api.w.org\/{rel}","templated":true}]}}