{"id":35,"date":"2023-08-26T15:18:28","date_gmt":"2023-08-26T13:18:28","guid":{"rendered":"https:\/\/hdiagnostics.fr\/?page_id=35"},"modified":"2023-10-11T15:27:24","modified_gmt":"2023-10-11T13:27:24","slug":"parasite","status":"publish","type":"page","link":"https:\/\/hdiagnostics.fr\/index.php\/parasite\/","title":{"rendered":"parasite"},"content":{"rendered":"\n<figure class=\"wp-block-image size-full\"><img loading=\"lazy\" decoding=\"async\" width=\"183\" height=\"275\" src=\"https:\/\/hdiagnostics.fr\/wp-content\/uploads\/2023\/10\/termite.jpeg\" alt=\"\" class=\"wp-image-118\"\/><\/figure>\n\n\n\n<p><\/p>\n\n\n\n<p class=\"has-black-color has-text-color has-medium-font-size\">L&#8217;\u00e9tat parasitaire vise \u00e0 lutter contre les insectes xylophages qui vont s&#8217;attaquer \u00e0 la charpente et autres \u00e9l\u00e9ments en bois d&#8217;une construction.<\/p>\n\n\n\n<p class=\"has-black-color has-text-color has-medium-font-size\">Seul le diagnostic termites est aujourd&#8217;hui obligatoire dans les zones infest\u00e9es.<\/p>\n\n\n\n<p class=\"has-black-color has-text-color has-medium-font-size\">Il existe pourtant d&#8217;autres insectes xylophages qui font courir un danger aux habitations : les col\u00e9opt\u00e8res comme le capricorne dont la larve se nourrit du bois, les pourritures comme le Polypore des caves ou la M\u00e9rule qui est aussi appel\u00e9e &#8220;l\u00e8pre des maisons&#8221; : tr\u00e8s contagieuse, elle ronge le bois et affaiblit la structure du b\u00e2timent, et fait aussi courir un risque \u00e0 la sant\u00e9 des occupants du logement.<\/p>\n\n\n\n<p class=\"has-black-color has-text-color has-medium-font-size\">La recherche de ces xylophages consiste en un examen visuel et approfondi effectu\u00e9 par un professionnel et est valable pendant 3 mois.<\/p>\n\n\n\n<p class=\"has-black-color has-text-color has-medium-font-size\">Cet \u00e9tat parasitaire, non obligatoire, est s\u00e9rieusement recommand\u00e9, et double l&#8217;obligation qu&#8217;a tout propri\u00e9taire ou occupant d&#8217;un logement de d\u00e9clarer \u00e0 sa mairie l&#8217;\u00e9ventuelle pr\u00e9sence de ses insectes destructeurs d\u00e8s qu&#8217;elle est d\u00e9cel\u00e9e.<\/p>\n","protected":false},"excerpt":{"rendered":"<p>L&#8217;\u00e9tat parasitaire vise \u00e0 lutter contre les insectes xylophages qui vont s&#8217;attaquer \u00e0 la charpente et autres \u00e9l\u00e9ments en bois d&#8217;une construction. Seul le diagnostic termites est aujourd&#8217;hui obligatoire dans &#8230;<\/p>\n","protected":false},"author":1,"featured_media":0,"parent":0,"menu_order":0,"comment_status":"closed","ping_status":"closed","template":"","meta":{"footnotes":""},"class_list":["post-35","page","type-page","status-publish","hentry"],"_links":{"self":[{"href":"https:\/\/hdiagnostics.fr\/index.php\/wp-json\/wp\/v2\/pages\/35","targetHints":{"allow":["GET"]}}],"collection":[{"href":"https:\/\/hdiagnostics.fr\/index.php\/wp-json\/wp\/v2\/pages"}],"about":[{"href":"https:\/\/hdiagnostics.fr\/index.php\/wp-json\/wp\/v2\/types\/page"}],"author":[{"embeddable":true,"href":"https:\/\/hdiagnostics.fr\/index.php\/wp-json\/wp\/v2\/users\/1"}],"replies":[{"embeddable":true,"href":"https:\/\/hdiagnostics.fr\/index.php\/wp-json\/wp\/v2\/comments?post=35"}],"version-history":[{"count":2,"href":"https:\/\/hdiagnostics.fr\/index.php\/wp-json\/wp\/v2\/pages\/35\/revisions"}],"predecessor-version":[{"id":120,"href":"https:\/\/hdiagnostics.fr\/index.php\/wp-json\/wp\/v2\/pages\/35\/revisions\/120"}],"wp:attachment":[{"href":"https:\/\/hdiagnostics.fr\/index.php\/wp-json\/wp\/v2\/media?parent=35"}],"curies":[{"name":"wp","href":"https:\/\/api.w.org\/{rel}","templated":true}]}}