{"id":75,"date":"2023-10-07T14:34:52","date_gmt":"2023-10-07T12:34:52","guid":{"rendered":"https:\/\/hdiagnostics.fr\/?page_id=75"},"modified":"2023-11-14T14:28:45","modified_gmt":"2023-11-14T13:28:45","slug":"75-2","status":"publish","type":"page","link":"https:\/\/hdiagnostics.fr\/","title":{"rendered":"ACCUEIL"},"content":{"rendered":"\n<div class=\"wp-block-columns is-layout-flex wp-container-core-columns-is-layout-9d6595d7 wp-block-columns-is-layout-flex\">\n<div class=\"wp-block-column is-layout-flow wp-block-column-is-layout-flow\" style=\"flex-basis:66.66%\">\n<h2 class=\"wp-block-heading has-text-align-center\">Vous vendez, vous louez?<\/h2>\n\n\n\n<h2 class=\"wp-block-heading has-text-align-center\">Confiez vos diagnostics immobiliers \u00e0 un expert de proximit\u00e9. <\/h2>\n\n\n\n<h2 class=\"wp-block-heading\"><br>Devis gratuit et rapide. <\/h2>\n\n\n\n<h2 class=\"wp-block-heading\"><br>Expert certifi\u00e9 et ind\u00e9pendant pour vous garantir une expertise de qualit\u00e9 au prix juste. <\/h2>\n\n\n\n<p><\/p>\n\n\n\n<h2 class=\"wp-block-heading\"><br>Faites appel \u00e0 nos services pour vos diagnostics en centre Manche !<\/h2>\n<\/div>\n<\/div>\n","protected":false},"excerpt":{"rendered":"<p>Vous vendez, vous louez? Confiez vos diagnostics immobiliers \u00e0 un expert de proximit\u00e9. Devis gratuit et rapide. Expert certifi\u00e9 et ind\u00e9pendant pour vous garantir une expertise de qualit\u00e9 au prix &#8230;<\/p>\n","protected":false},"author":1,"featured_media":0,"parent":0,"menu_order":0,"comment_status":"closed","ping_status":"closed","template":"","meta":{"footnotes":""},"class_list":["post-75","page","type-page","status-publish","hentry"],"_links":{"self":[{"href":"https:\/\/hdiagnostics.fr\/index.php\/wp-json\/wp\/v2\/pages\/75","targetHints":{"allow":["GET"]}}],"collection":[{"href":"https:\/\/hdiagnostics.fr\/index.php\/wp-json\/wp\/v2\/pages"}],"about":[{"href":"https:\/\/hdiagnostics.fr\/index.php\/wp-json\/wp\/v2\/types\/page"}],"author":[{"embeddable":true,"href":"https:\/\/hdiagnostics.fr\/index.php\/wp-json\/wp\/v2\/users\/1"}],"replies":[{"embeddable":true,"href":"https:\/\/hdiagnostics.fr\/index.php\/wp-json\/wp\/v2\/comments?post=75"}],"version-history":[{"count":21,"href":"https:\/\/hdiagnostics.fr\/index.php\/wp-json\/wp\/v2\/pages\/75\/revisions"}],"predecessor-version":[{"id":159,"href":"https:\/\/hdiagnostics.fr\/index.php\/wp-json\/wp\/v2\/pages\/75\/revisions\/159"}],"wp:attachment":[{"href":"https:\/\/hdiagnostics.fr\/index.php\/wp-json\/wp\/v2\/media?parent=75"}],"curies":[{"name":"wp","href":"https:\/\/api.w.org\/{rel}","templated":true}]}}